{"id":45,"date":"2025-01-19T12:35:29","date_gmt":"2025-01-19T12:35:29","guid":{"rendered":"https:\/\/friendsbigband.hu\/?page_id=45"},"modified":"2025-07-08T09:04:47","modified_gmt":"2025-07-08T09:04:47","slug":"45-2","status":"publish","type":"page","link":"https:\/\/friendsbigband.hu\/","title":{"rendered":"Esem\u00e9nyek"},"content":{"rendered":"<div id=\"pl-45\"  class=\"panel-layout\" ><div id=\"pg-45-0\"  class=\"panel-grid panel-has-style\" ><div class=\"siteorigin-panels-stretch panel-row-style panel-row-style-for-45-0\" data-stretch-type=\"full-width-stretch\" ><div id=\"pgc-45-0-0\"  class=\"panel-grid-cell\" ><div id=\"panel-45-0-0-0\" class=\"so-panel widget widget_text panel-first-child panel-last-child\" data-index=\"0\" ><div class=\"panel-widget-style panel-widget-style-for-45-0-0-0\" >\t\t\t<div class=\"textwidget\"><p>&nbsp;<\/p>\n<div class=\"xdj266r x11i5rnm xat24cr x1mh8g0r x1vvkbs x126k92a\">\n<div dir=\"auto\">\n<div class=\"xdj266r x11i5rnm xat24cr x1mh8g0r x1vvkbs x126k92a\"><\/div>\n<div class=\"x11i5rnm xat24cr x1mh8g0r x1vvkbs xtlvy1s x126k92a\">\n<div dir=\"auto\">\n<div class=\"x1i10hfl xjbqb8w x1ejq31n xd10rxx x1sy0etr x17r0tee x972fbf xcfux6l x1qhh985 xm0m39n x9f619 x1ypdohk xt0psk2 xe8uvvx xdj266r x11i5rnm xat24cr x1mh8g0r xexx8yu x4uap5 x18d9i69 xkhd6sd x16tdsg8 x1hl2dhg xggy1nq x1a2a7pz xkrqix3 x1sur9pj xzsf02u x1s688f\" tabindex=\"0\" role=\"button\"><\/div>\n<\/div>\n<\/div>\n<\/div>\n<\/div>\n<p>&nbsp;<\/p>\n<\/div>\n\t\t<\/div><\/div><\/div><div id=\"pgc-45-0-1\"  class=\"panel-grid-cell\" ><div class=\"panel-cell-style panel-cell-style-for-45-0-1\" ><div id=\"panel-45-0-1-0\" class=\"so-panel widget widget_media_image panel-first-child panel-last-child\" data-index=\"1\" ><img loading=\"lazy\" decoding=\"async\" width=\"1080\" height=\"1080\" src=\"https:\/\/friendsbigband.hu\/wp-content\/uploads\/2025\/07\/517399887_1308643827931676_5146637954853435366_n-1.jpg\" class=\"image wp-image-867  attachment-full size-full\" alt=\"\" style=\"max-width: 100%; height: auto;\" srcset=\"https:\/\/friendsbigband.hu\/wp-content\/uploads\/2025\/07\/517399887_1308643827931676_5146637954853435366_n-1.jpg 1080w, https:\/\/friendsbigband.hu\/wp-content\/uploads\/2025\/07\/517399887_1308643827931676_5146637954853435366_n-1-300x300.jpg 300w, https:\/\/friendsbigband.hu\/wp-content\/uploads\/2025\/07\/517399887_1308643827931676_5146637954853435366_n-1-1024x1024.jpg 1024w, https:\/\/friendsbigband.hu\/wp-content\/uploads\/2025\/07\/517399887_1308643827931676_5146637954853435366_n-1-150x150.jpg 150w, https:\/\/friendsbigband.hu\/wp-content\/uploads\/2025\/07\/517399887_1308643827931676_5146637954853435366_n-1-768x768.jpg 768w, https:\/\/friendsbigband.hu\/wp-content\/uploads\/2025\/07\/517399887_1308643827931676_5146637954853435366_n-1-375x375.jpg 375w\" sizes=\"auto, (max-width: 1080px) 100vw, 1080px\" \/><\/div><\/div><\/div><div id=\"pgc-45-0-2\"  class=\"panel-grid-cell\" ><div id=\"panel-45-0-2-0\" class=\"so-panel widget widget_text panel-first-child panel-last-child\" data-index=\"2\" >\t\t\t<div class=\"textwidget\"><div class=\"xdj266r x14z9mp xat24cr x1lziwak x1vvkbs x126k92a\">\n<div dir=\"auto\"><strong>Jazzpiknik Tat\u00e1n!<\/strong><\/div>\n<div dir=\"auto\">J\u00falius 19-\u00e9n, szombaton ir\u00e1ny az <span class=\"html-span xdj266r x14z9mp xat24cr x1lziwak xexx8yu xyri2b x18d9i69 x1c1uobl x1hl2dhg x16tdsg8 x1vvkbs\"><a class=\"x1i10hfl xjbqb8w x1ejq31n x18oe1m7 x1sy0etr xstzfhl x972fbf x10w94by x1qhh985 x14e42zd x9f619 x1ypdohk xt0psk2 xe8uvvx xdj266r x14z9mp xat24cr x1lziwak xexx8yu xyri2b x18d9i69 x1c1uobl x16tdsg8 x1hl2dhg xggy1nq x1a2a7pz xkrqix3 x1sur9pj x1fey0fg x1s688f\" tabindex=\"0\" role=\"link\" href=\"https:\/\/www.facebook.com\/oregtohotel?__cft__[0]=AZXC3PnS-ZGsZ2G7cC6Be0gqG-y4IQiFy6GuZX1-cvGFziZu-iByQ9Ou_FkbFkRuwkjsxJsDs8GGz3ky0mhs_lPQ0S7BjW6ggQD5HibFXkvwWo0AKaAToSreRbvgMFKF1caQgq5zuE72Tm2tVo9Senj7kgFzh3ipmQZn0y96MJ6sf8lNlcvT6-ciw05bDz6dEQoE-RKG9kfbxzocC3J--Xbf&amp;__tn__=-]K-R\"><span class=\"xt0psk2\"><span class=\"xjp7ctv\">\u00d6reg-t\u00f3 Hotel \u00e9s Rendezv\u00e9nyt\u00e9r<\/span><\/span><\/a><\/span> , ahol a jazz\u00e9 a f\u0151szerep! V\u00e1r a kokt\u00e9lterasz, finom \u00e9telek, h\u0171s italok, \u00e9s felejthetetlen hangulat!<\/div>\n<\/div>\n<div class=\"x14z9mp xat24cr x1lziwak x1vvkbs xtlvy1s x126k92a\">\n<div dir=\"auto\">V\u00e1lassz a k\u00e9nyelmes \u00fcl\u0151helyek k\u00f6z\u00fcl, vagy hozz egy pl\u00e9det \u00e9s \u00e9lvezd a ny\u00e1r egyik leghangulatosabb est\u00e9j\u00e9t!<\/div>\n<\/div>\n<div class=\"x14z9mp xat24cr x1lziwak x1vvkbs xtlvy1s x126k92a\">\n<div dir=\"auto\">B\u0151vebb inform\u00e1ci\u00f3: <span class=\"html-span xdj266r x14z9mp xat24cr x1lziwak xexx8yu xyri2b x18d9i69 x1c1uobl x1hl2dhg x16tdsg8 x1vvkbs\"><a class=\"x1i10hfl xjbqb8w x1ejq31n x18oe1m7 x1sy0etr xstzfhl x972fbf x10w94by x1qhh985 x14e42zd x9f619 x1ypdohk xt0psk2 xe8uvvx xdj266r x14z9mp xat24cr x1lziwak xexx8yu xyri2b x18d9i69 x1c1uobl x16tdsg8 x1hl2dhg xggy1nq x1a2a7pz xkrqix3 x1sur9pj x1fey0fg x1s688f\" tabindex=\"0\" role=\"link\" href=\"http:\/\/www.oregtohotel.hu\/?fbclid=IwZXh0bgNhZW0CMTAAYnJpZBEwOUVmUVg3ejBFUG51ZTF3SQEemjgwEzrAlNDT3zoM9Zil9NRZX3tart616XzUVTXpNFCloBXHAJbYIADqVAc_aem_PpIr73q-pPNRhUkHV614ag\" target=\"_blank\" rel=\"nofollow noopener noreferrer\">www.oregtohotel.hu<\/a><\/span><\/div>\n<\/div>\n<div class=\"x14z9mp xat24cr x1lziwak x1vvkbs xtlvy1s x126k92a\">\n<div dir=\"auto\"><span class=\"html-span xexx8yu xyri2b x18d9i69 x1c1uobl x1hl2dhg x16tdsg8 x1vvkbs x3nfvp2 x1j61x8r x1fcty0u xdj266r xat24cr xm2jcoa x1mpyi22 xxymvpz xlup9mm x1kky2od\"><img loading=\"lazy\" decoding=\"async\" class=\"xz74otr x15mokao x1ga7v0g x16uus16 xbiv7yw\" src=\"https:\/\/static.xx.fbcdn.net\/images\/emoji.php\/v9\/t3f\/2\/16\/1f3b7.png\" alt=\"\ud83c\udfb7\" width=\"16\" height=\"16\" \/><\/span>Id\u0151pont: 2025. j\u00falius 19. (szombat) 19:00<\/div>\n<div dir=\"auto\"><span class=\"html-span xexx8yu xyri2b x18d9i69 x1c1uobl x1hl2dhg x16tdsg8 x1vvkbs x3nfvp2 x1j61x8r x1fcty0u xdj266r xat24cr xm2jcoa x1mpyi22 xxymvpz xlup9mm x1kky2od\"><img loading=\"lazy\" decoding=\"async\" class=\"xz74otr x15mokao x1ga7v0g x16uus16 xbiv7yw\" src=\"https:\/\/static.xx.fbcdn.net\/images\/emoji.php\/v9\/t3f\/2\/16\/1f3b7.png\" alt=\"\ud83c\udfb7\" width=\"16\" height=\"16\" \/><\/span>Helysz\u00edn: \u00d6reg-t\u00f3 Hotel \u00e9s Rendezv\u00e9nyt\u00e9r, Tata F\u00e1klya u. 4.<\/div>\n<div dir=\"auto\">Early Bird jegyek j\u00falius 15-ig kaphat\u00f3ak.<\/div>\n<div dir=\"auto\">Early bird jegy: 5490.- Ft<\/div>\n<div dir=\"auto\">Early Bird VIP jegy: 9900.- Ft<\/div>\n<\/div>\n<div class=\"x14z9mp xat24cr x1lziwak x1vvkbs xtlvy1s x126k92a\">\n<div dir=\"auto\">VIP jeggyel rendelkez\u0151 vend\u00e9geink az els\u0151 sorban kapnak \u00fcl\u0151helyet, illetve welcome drinkkel kedvesked\u00fcnk.<\/div>\n<\/div>\n<div class=\"x14z9mp xat24cr x1lziwak x1vvkbs xtlvy1s x126k92a\">\n<div dir=\"auto\">Az el\u0151ad\u00e1s sz\u00fcnet\u00e9ben mindenkinek lesz lehet\u0151s\u00e9ge friss\u00edt\u0151 italok \u00e9s \u00e9telek fogyaszt\u00e1s\u00e1ra.<\/div>\n<\/div>\n<div class=\"x14z9mp xat24cr x1lziwak x1vvkbs xtlvy1s x126k92a\">\n<div dir=\"auto\">Jegyek kaphat\u00f3k a <span class=\"html-span xdj266r x14z9mp xat24cr x1lziwak xexx8yu xyri2b x18d9i69 x1c1uobl x1hl2dhg x16tdsg8 x1vvkbs\"><a class=\"x1i10hfl xjbqb8w x1ejq31n x18oe1m7 x1sy0etr xstzfhl x972fbf x10w94by x1qhh985 x14e42zd x9f619 x1ypdohk xt0psk2 xe8uvvx xdj266r x14z9mp xat24cr x1lziwak xexx8yu xyri2b x18d9i69 x1c1uobl x16tdsg8 x1hl2dhg xggy1nq x1a2a7pz xkrqix3 x1sur9pj x1fey0fg x1s688f\" tabindex=\"0\" role=\"link\" href=\"https:\/\/l.facebook.com\/l.php?u=http%3A%2F%2Ftixa.hu%2F%3Ffbclid%3DIwZXh0bgNhZW0CMTAAYnJpZBEwOUVmUVg3ejBFUG51ZTF3SQEeYLRFE0u-MH6IoBs3nfV41A37bjGbJycC7Jie6W5hCOOJt_MXThoPVZeilZM_aem_ii-ZUL27xN4PLDLDsicyMg&amp;h=AT1aylNf8HrsSzJb3VU1pb-7nK9_tvWiKnxLmhW54noMCxRS09ZeFBn1lxmUZmBIOrlLP8N9QgwzBCYhNk2LJtz3c-Pf4j2e9v_KGritNOptGXzIsbzjDl2VatvqvurSdeHT29mQNK_cyEsHHynFCw&amp;__tn__=-UK-R&amp;c[0]=AT2DxVXWYRWNbeAqZ1c21rE3TaVoNjm3uRD71odRIXqKEF4Bqu34LCyq6rKRXw8AqlNI__Yi4QpkBjufvoMHjjOd155c97uUnfvDDOxI2kegRKCBjkl_B5J_E2g4caaSB4QwOXc7IBuzvGIo5BIHfDCCos5CSVA23V-kEf_YU4QsXnyVfp0Ssu5d2HWUDWa_jajNdbkIAFWUwFPbhRCVFR4yuYoh\" target=\"_blank\" rel=\"nofollow noopener noreferrer\">tixa.hu<\/a><\/span> oldalon:<\/div>\n<div dir=\"auto\"><span class=\"html-span xdj266r x14z9mp xat24cr x1lziwak xexx8yu xyri2b x18d9i69 x1c1uobl x1hl2dhg x16tdsg8 x1vvkbs\"><a class=\"x1i10hfl xjbqb8w x1ejq31n x18oe1m7 x1sy0etr xstzfhl x972fbf x10w94by x1qhh985 x14e42zd x9f619 x1ypdohk xt0psk2 xe8uvvx xdj266r x14z9mp xat24cr x1lziwak xexx8yu xyri2b x18d9i69 x1c1uobl x16tdsg8 x1hl2dhg xggy1nq x1a2a7pz xkrqix3 x1sur9pj x1fey0fg x1s688f\" tabindex=\"0\" role=\"link\" href=\"https:\/\/www.tixa.hu\/tati-jazz-piknik-20250719?fbclid=IwZXh0bgNhZW0CMTAAYnJpZBEwOUVmUVg3ejBFUG51ZTF3SQEeVQNEZH8NehhmC5AMIk_p1YubBPXT6qDePjjzJL0NS7g5Fz9WSaOWZ_A0KHc_aem_AkmIsxFsk_6tgwl8egkQ6w\" target=\"_blank\" rel=\"nofollow noopener noreferrer\">https:\/\/www.tixa.hu\/tati-jazz-piknik-20250719<\/a><\/span><\/div>\n<\/div>\n<div class=\"x14z9mp xat24cr x1lziwak x1vvkbs xtlvy1s x126k92a\">\n<div dir=\"auto\"><span class=\"html-span xdj266r x14z9mp xat24cr x1lziwak xexx8yu xyri2b x18d9i69 x1c1uobl x1hl2dhg x16tdsg8 x1vvkbs\"><a class=\"x1i10hfl xjbqb8w x1ejq31n x18oe1m7 x1sy0etr xstzfhl x972fbf x10w94by x1qhh985 x14e42zd x9f619 x1ypdohk xt0psk2 xe8uvvx xdj266r x14z9mp xat24cr x1lziwak xexx8yu xyri2b x18d9i69 x1c1uobl x16tdsg8 x1hl2dhg xggy1nq x1a2a7pz xkrqix3 x1sur9pj x1fey0fg x1s688f\" tabindex=\"0\" role=\"link\" href=\"https:\/\/www.facebook.com\/hashtag\/jazz?__eep__=6&amp;__cft__[0]=AZXC3PnS-ZGsZ2G7cC6Be0gqG-y4IQiFy6GuZX1-cvGFziZu-iByQ9Ou_FkbFkRuwkjsxJsDs8GGz3ky0mhs_lPQ0S7BjW6ggQD5HibFXkvwWo0AKaAToSreRbvgMFKF1caQgq5zuE72Tm2tVo9Senj7kgFzh3ipmQZn0y96MJ6sf8lNlcvT6-ciw05bDz6dEQoE-RKG9kfbxzocC3J--Xbf&amp;__tn__=*NK-R\">#jazz<\/a><\/span> <span class=\"html-span xdj266r x14z9mp xat24cr x1lziwak xexx8yu xyri2b x18d9i69 x1c1uobl x1hl2dhg x16tdsg8 x1vvkbs\"><a class=\"x1i10hfl xjbqb8w x1ejq31n x18oe1m7 x1sy0etr xstzfhl x972fbf x10w94by x1qhh985 x14e42zd x9f619 x1ypdohk xt0psk2 xe8uvvx xdj266r x14z9mp xat24cr x1lziwak xexx8yu xyri2b x18d9i69 x1c1uobl x16tdsg8 x1hl2dhg xggy1nq x1a2a7pz xkrqix3 x1sur9pj x1fey0fg x1s688f\" tabindex=\"0\" role=\"link\" href=\"https:\/\/www.facebook.com\/hashtag\/jazzpiknik?__eep__=6&amp;__cft__[0]=AZXC3PnS-ZGsZ2G7cC6Be0gqG-y4IQiFy6GuZX1-cvGFziZu-iByQ9Ou_FkbFkRuwkjsxJsDs8GGz3ky0mhs_lPQ0S7BjW6ggQD5HibFXkvwWo0AKaAToSreRbvgMFKF1caQgq5zuE72Tm2tVo9Senj7kgFzh3ipmQZn0y96MJ6sf8lNlcvT6-ciw05bDz6dEQoE-RKG9kfbxzocC3J--Xbf&amp;__tn__=*NK-R\">#jazzpiknik<\/a><\/span> <span class=\"html-span xdj266r x14z9mp xat24cr x1lziwak xexx8yu xyri2b x18d9i69 x1c1uobl x1hl2dhg x16tdsg8 x1vvkbs\"><a class=\"x1i10hfl xjbqb8w x1ejq31n x18oe1m7 x1sy0etr xstzfhl x972fbf x10w94by x1qhh985 x14e42zd x9f619 x1ypdohk xt0psk2 xe8uvvx xdj266r x14z9mp xat24cr x1lziwak xexx8yu xyri2b x18d9i69 x1c1uobl x16tdsg8 x1hl2dhg xggy1nq x1a2a7pz xkrqix3 x1sur9pj x1fey0fg x1s688f\" tabindex=\"0\" role=\"link\" href=\"https:\/\/www.facebook.com\/hashtag\/tata?__eep__=6&amp;__cft__[0]=AZXC3PnS-ZGsZ2G7cC6Be0gqG-y4IQiFy6GuZX1-cvGFziZu-iByQ9Ou_FkbFkRuwkjsxJsDs8GGz3ky0mhs_lPQ0S7BjW6ggQD5HibFXkvwWo0AKaAToSreRbvgMFKF1caQgq5zuE72Tm2tVo9Senj7kgFzh3ipmQZn0y96MJ6sf8lNlcvT6-ciw05bDz6dEQoE-RKG9kfbxzocC3J--Xbf&amp;__tn__=*NK-R\">#tata<\/a><\/span> <span class=\"html-span xdj266r x14z9mp xat24cr x1lziwak xexx8yu xyri2b x18d9i69 x1c1uobl x1hl2dhg x16tdsg8 x1vvkbs\"><a class=\"x1i10hfl xjbqb8w x1ejq31n x18oe1m7 x1sy0etr xstzfhl x972fbf x10w94by x1qhh985 x14e42zd x9f619 x1ypdohk xt0psk2 xe8uvvx xdj266r x14z9mp xat24cr x1lziwak xexx8yu xyri2b x18d9i69 x1c1uobl x16tdsg8 x1hl2dhg xggy1nq x1a2a7pz xkrqix3 x1sur9pj x1fey0fg x1s688f\" tabindex=\"0\" role=\"link\" href=\"https:\/\/www.facebook.com\/hashtag\/tataiprogramok?__eep__=6&amp;__cft__[0]=AZXC3PnS-ZGsZ2G7cC6Be0gqG-y4IQiFy6GuZX1-cvGFziZu-iByQ9Ou_FkbFkRuwkjsxJsDs8GGz3ky0mhs_lPQ0S7BjW6ggQD5HibFXkvwWo0AKaAToSreRbvgMFKF1caQgq5zuE72Tm2tVo9Senj7kgFzh3ipmQZn0y96MJ6sf8lNlcvT6-ciw05bDz6dEQoE-RKG9kfbxzocC3J--Xbf&amp;__tn__=*NK-R\">#tataiprogramok<\/a><\/span> <span class=\"html-span xdj266r x14z9mp xat24cr x1lziwak xexx8yu xyri2b x18d9i69 x1c1uobl x1hl2dhg x16tdsg8 x1vvkbs\"><a class=\"x1i10hfl xjbqb8w x1ejq31n x18oe1m7 x1sy0etr xstzfhl x972fbf x10w94by x1qhh985 x14e42zd x9f619 x1ypdohk xt0psk2 xe8uvvx xdj266r x14z9mp xat24cr x1lziwak xexx8yu xyri2b x18d9i69 x1c1uobl x16tdsg8 x1hl2dhg xggy1nq x1a2a7pz xkrqix3 x1sur9pj x1fey0fg x1s688f\" tabindex=\"0\" role=\"link\" href=\"https:\/\/www.facebook.com\/hashtag\/tatainy%C3%A1r?__eep__=6&amp;__cft__[0]=AZXC3PnS-ZGsZ2G7cC6Be0gqG-y4IQiFy6GuZX1-cvGFziZu-iByQ9Ou_FkbFkRuwkjsxJsDs8GGz3ky0mhs_lPQ0S7BjW6ggQD5HibFXkvwWo0AKaAToSreRbvgMFKF1caQgq5zuE72Tm2tVo9Senj7kgFzh3ipmQZn0y96MJ6sf8lNlcvT6-ciw05bDz6dEQoE-RKG9kfbxzocC3J--Xbf&amp;__tn__=*NK-R\">#tatainy\u00e1r<\/a><\/span> <span class=\"html-span xdj266r x14z9mp xat24cr x1lziwak xexx8yu xyri2b x18d9i69 x1c1uobl x1hl2dhg x16tdsg8 x1vvkbs\"><a class=\"x1i10hfl xjbqb8w x1ejq31n x18oe1m7 x1sy0etr xstzfhl x972fbf x10w94by x1qhh985 x14e42zd x9f619 x1ypdohk xt0psk2 xe8uvvx xdj266r x14z9mp xat24cr x1lziwak xexx8yu xyri2b x18d9i69 x1c1uobl x16tdsg8 x1hl2dhg xggy1nq x1a2a7pz xkrqix3 x1sur9pj x1fey0fg x1s688f\" tabindex=\"0\" role=\"link\" href=\"https:\/\/www.facebook.com\/hashtag\/szabadt%C3%A9rikoncert?__eep__=6&amp;__cft__[0]=AZXC3PnS-ZGsZ2G7cC6Be0gqG-y4IQiFy6GuZX1-cvGFziZu-iByQ9Ou_FkbFkRuwkjsxJsDs8GGz3ky0mhs_lPQ0S7BjW6ggQD5HibFXkvwWo0AKaAToSreRbvgMFKF1caQgq5zuE72Tm2tVo9Senj7kgFzh3ipmQZn0y96MJ6sf8lNlcvT6-ciw05bDz6dEQoE-RKG9kfbxzocC3J--Xbf&amp;__tn__=*NK-R\">#szabadt\u00e9rikoncert<\/a><\/span><\/div>\n<\/div>\n<p>&nbsp;<\/p>\n<\/div>\n\t\t<\/div><\/div><\/div><\/div><\/div>","protected":false},"excerpt":{"rendered":"<p> [&hellip;]<\/p>\n","protected":false},"author":1,"featured_media":0,"parent":0,"menu_order":0,"comment_status":"closed","ping_status":"closed","template":"","meta":{"footnotes":""},"class_list":["post-45","page","type-page","status-publish","hentry"],"_links":{"self":[{"href":"https:\/\/friendsbigband.hu\/index.php\/wp-json\/wp\/v2\/pages\/45","targetHints":{"allow":["GET"]}}],"collection":[{"href":"https:\/\/friendsbigband.hu\/index.php\/wp-json\/wp\/v2\/pages"}],"about":[{"href":"https:\/\/friendsbigband.hu\/index.php\/wp-json\/wp\/v2\/types\/page"}],"author":[{"embeddable":true,"href":"https:\/\/friendsbigband.hu\/index.php\/wp-json\/wp\/v2\/users\/1"}],"replies":[{"embeddable":true,"href":"https:\/\/friendsbigband.hu\/index.php\/wp-json\/wp\/v2\/comments?post=45"}],"version-history":[{"count":64,"href":"https:\/\/friendsbigband.hu\/index.php\/wp-json\/wp\/v2\/pages\/45\/revisions"}],"predecessor-version":[{"id":868,"href":"https:\/\/friendsbigband.hu\/index.php\/wp-json\/wp\/v2\/pages\/45\/revisions\/868"}],"wp:attachment":[{"href":"https:\/\/friendsbigband.hu\/index.php\/wp-json\/wp\/v2\/media?parent=45"}],"curies":[{"name":"wp","href":"https:\/\/api.w.org\/{rel}","templated":true}]}}